{"id":117,"date":"2018-10-29T20:54:41","date_gmt":"2018-10-29T19:54:41","guid":{"rendered":"http:\/\/osplukowiec.pl\/?page_id=117"},"modified":"2020-01-28T06:35:08","modified_gmt":"2020-01-28T05:35:08","slug":"sekcja-tenisowa","status":"publish","type":"page","link":"http:\/\/osplukowiec.pl\/index.php\/sekcja-tenisowa\/","title":{"rendered":"Ko\u0142o gospody\u0144 wiejskich"},"content":{"rendered":"<p>&nbsp;<\/p>\n<p><strong>Nasze wspania\u0142e Gospodynie!<\/strong><\/p>\n<p>Ko\u0142a Gospody\u0144 Wiejskich dzia\u0142aj\u0105ce w ramach stowarzyszenia OSP \u0141uk\u00f3wiec zosta\u0142o powo\u0142ane w dniu 8 pa\u017adziernika 2019 roku.<\/p>\n<p>Przewodnicz\u0105c\u0105 Ko\u0142a jest Marzena Ja\u0142ocha telefon Kontaktowy 516-328-904.<\/p>\n<p>Ko\u0142o liczy obecnie 13 cz\u0142onki\u0144.<\/p>\n<p>Sk\u0142ad Ko\u0142a: Honorata SZ, Dorota K, Marianna W, Marta W, Karolina K, Ma\u0142gorzata K, Iwona L, Anna K, Irena W, Justyna Sz, Hanna W, Marzena J Katarzyna J.<\/p>\n<p>Oto g\u0142\u00f3wne cele dzia\u0142alno\u015bci Ko\u0142a Gospody\u0144 Wiejskich w \u0141uk\u00f3wcu:<\/p>\n<ol>\n<li>Spotkania towarzyskie przy kawie-pogadanki na ro\u017cne tematy, wsp\u00f3lne sp\u0119dzanie czasu.<\/li>\n<li>Rozwijanie zainteresowa\u0144 kulinarnych\u2013warsztaty.<\/li>\n<li>Rozwijanie zainteresowa\u0144 artystycznych np. r\u0119kodzie\u0142o\u2013warsztaty.<\/li>\n<li>Pomoc w dekorowaniu \u015bwietlicy wiejskiej na r\u00f3\u017cne\u00a0 imprezy i uroczysto\u015bci.<\/li>\n<li>Udzia\u0142 w przygotowaniu o\u0142tarza na Bo\u017ce Cia\u0142o i szopki bo\u017conarodzeniowej w kaplicy.<\/li>\n<li>Krzewienie kultury i sportu, w tym organizacja:<\/li>\n<\/ol>\n<ul>\n<li>wyjazd\u00f3w do kina,<\/li>\n<li>wyjazd\u00f3w do teatru,<\/li>\n<li>wycieczek rowerowych.<\/li>\n<\/ul>\n<ol start=\"7\">\n<li>Wsp\u00f3\u0142praca z innymi Ko\u0142ami, organizacjami oraz z Lokaln\u0105 Grup\u0105 Dzia\u0142ania.<\/li>\n<\/ol>\n<p>&nbsp;<\/p>\n<p><a href=\"http:\/\/osplukowiec.pl\/index.php\/2019\/11\/14\/spotkanie-kola-gospodyn-warsztaty-z-filcem\/\">http:\/\/osplukowiec.pl\/index.php\/2019\/11\/14\/spotkanie-kola-gospodyn-warsztaty-z-filcem\/<\/a><\/p>\n<p><a href=\"http:\/\/osplukowiec.pl\/wp-content\/uploads\/2020\/01\/received_869485130151528.jpeg\"><img decoding=\"async\" loading=\"lazy\" class=\"aligncenter size-full wp-image-3188\" src=\"http:\/\/osplukowiec.pl\/wp-content\/uploads\/2020\/01\/received_869485130151528.jpeg\" alt=\"\" width=\"1152\" height=\"2048\" srcset=\"http:\/\/osplukowiec.pl\/wp-content\/uploads\/2020\/01\/received_869485130151528.jpeg 1152w, http:\/\/osplukowiec.pl\/wp-content\/uploads\/2020\/01\/received_869485130151528-169x300.jpeg 169w, http:\/\/osplukowiec.pl\/wp-content\/uploads\/2020\/01\/received_869485130151528-768x1365.jpeg 768w, http:\/\/osplukowiec.pl\/wp-content\/uploads\/2020\/01\/received_869485130151528-576x1024.jpeg 576w, http:\/\/osplukowiec.pl\/wp-content\/uploads\/2020\/01\/received_869485130151528-520x924.jpeg 520w, http:\/\/osplukowiec.pl\/wp-content\/uploads\/2020\/01\/received_869485130151528-740x1316.jpeg 740w\" sizes=\"(max-width: 1152px) 100vw, 1152px\" \/><\/a> <a href=\"http:\/\/osplukowiec.pl\/wp-content\/uploads\/2020\/01\/received_837634280012285.jpeg\"><img decoding=\"async\" loading=\"lazy\" class=\"aligncenter size-full wp-image-3187\" src=\"http:\/\/osplukowiec.pl\/wp-content\/uploads\/2020\/01\/received_837634280012285.jpeg\" alt=\"\" width=\"706\" height=\"941\" srcset=\"http:\/\/osplukowiec.pl\/wp-content\/uploads\/2020\/01\/received_837634280012285.jpeg 706w, http:\/\/osplukowiec.pl\/wp-content\/uploads\/2020\/01\/received_837634280012285-225x300.jpeg 225w, http:\/\/osplukowiec.pl\/wp-content\/uploads\/2020\/01\/received_837634280012285-520x693.jpeg 520w\" sizes=\"(max-width: 706px) 100vw, 706px\" \/><\/a> <a href=\"http:\/\/osplukowiec.pl\/wp-content\/uploads\/2020\/01\/received_636902867050166.jpeg\"><img decoding=\"async\" loading=\"lazy\" class=\"aligncenter size-full wp-image-3185\" src=\"http:\/\/osplukowiec.pl\/wp-content\/uploads\/2020\/01\/received_636902867050166.jpeg\" alt=\"\" width=\"1152\" height=\"2048\" srcset=\"http:\/\/osplukowiec.pl\/wp-content\/uploads\/2020\/01\/received_636902867050166.jpeg 1152w, http:\/\/osplukowiec.pl\/wp-content\/uploads\/2020\/01\/received_636902867050166-169x300.jpeg 169w, http:\/\/osplukowiec.pl\/wp-content\/uploads\/2020\/01\/received_636902867050166-768x1365.jpeg 768w, http:\/\/osplukowiec.pl\/wp-content\/uploads\/2020\/01\/received_636902867050166-576x1024.jpeg 576w, http:\/\/osplukowiec.pl\/wp-content\/uploads\/2020\/01\/received_636902867050166-520x924.jpeg 520w, http:\/\/osplukowiec.pl\/wp-content\/uploads\/2020\/01\/received_636902867050166-740x1316.jpeg 740w\" sizes=\"(max-width: 1152px) 100vw, 1152px\" \/><\/a> <a href=\"http:\/\/osplukowiec.pl\/wp-content\/uploads\/2020\/01\/received_610453813105715.jpeg\"><img decoding=\"async\" loading=\"lazy\" class=\"aligncenter size-full wp-image-3183\" src=\"http:\/\/osplukowiec.pl\/wp-content\/uploads\/2020\/01\/received_610453813105715.jpeg\" alt=\"\" width=\"883\" height=\"1817\" srcset=\"http:\/\/osplukowiec.pl\/wp-content\/uploads\/2020\/01\/received_610453813105715.jpeg 883w, http:\/\/osplukowiec.pl\/wp-content\/uploads\/2020\/01\/received_610453813105715-146x300.jpeg 146w, http:\/\/osplukowiec.pl\/wp-content\/uploads\/2020\/01\/received_610453813105715-768x1580.jpeg 768w, http:\/\/osplukowiec.pl\/wp-content\/uploads\/2020\/01\/received_610453813105715-498x1024.jpeg 498w, http:\/\/osplukowiec.pl\/wp-content\/uploads\/2020\/01\/received_610453813105715-520x1070.jpeg 520w, http:\/\/osplukowiec.pl\/wp-content\/uploads\/2020\/01\/received_610453813105715-740x1523.jpeg 740w\" sizes=\"(max-width: 883px) 100vw, 883px\" \/><\/a> <a href=\"http:\/\/osplukowiec.pl\/wp-content\/uploads\/2020\/01\/received_632167684228015.jpeg\"><img decoding=\"async\" loading=\"lazy\" class=\"aligncenter size-full wp-image-3184\" src=\"http:\/\/osplukowiec.pl\/wp-content\/uploads\/2020\/01\/received_632167684228015.jpeg\" alt=\"\" width=\"1152\" height=\"2048\" srcset=\"http:\/\/osplukowiec.pl\/wp-content\/uploads\/2020\/01\/received_632167684228015.jpeg 1152w, http:\/\/osplukowiec.pl\/wp-content\/uploads\/2020\/01\/received_632167684228015-169x300.jpeg 169w, http:\/\/osplukowiec.pl\/wp-content\/uploads\/2020\/01\/received_632167684228015-768x1365.jpeg 768w, http:\/\/osplukowiec.pl\/wp-content\/uploads\/2020\/01\/received_632167684228015-576x1024.jpeg 576w, http:\/\/osplukowiec.pl\/wp-content\/uploads\/2020\/01\/received_632167684228015-520x924.jpeg 520w, http:\/\/osplukowiec.pl\/wp-content\/uploads\/2020\/01\/received_632167684228015-740x1316.jpeg 740w\" sizes=\"(max-width: 1152px) 100vw, 1152px\" \/><\/a> <a href=\"http:\/\/osplukowiec.pl\/wp-content\/uploads\/2020\/01\/received_563957777493749.jpeg\"><img decoding=\"async\" loading=\"lazy\" class=\"aligncenter size-full wp-image-3182\" src=\"http:\/\/osplukowiec.pl\/wp-content\/uploads\/2020\/01\/received_563957777493749.jpeg\" alt=\"\" width=\"2048\" height=\"1152\" srcset=\"http:\/\/osplukowiec.pl\/wp-content\/uploads\/2020\/01\/received_563957777493749.jpeg 2048w, http:\/\/osplukowiec.pl\/wp-content\/uploads\/2020\/01\/received_563957777493749-300x169.jpeg 300w, http:\/\/osplukowiec.pl\/wp-content\/uploads\/2020\/01\/received_563957777493749-768x432.jpeg 768w, http:\/\/osplukowiec.pl\/wp-content\/uploads\/2020\/01\/received_563957777493749-1024x576.jpeg 1024w, http:\/\/osplukowiec.pl\/wp-content\/uploads\/2020\/01\/received_563957777493749-520x293.jpeg 520w, http:\/\/osplukowiec.pl\/wp-content\/uploads\/2020\/01\/received_563957777493749-740x416.jpeg 740w\" sizes=\"(max-width: 2048px) 100vw, 2048px\" \/><\/a> <a href=\"http:\/\/osplukowiec.pl\/wp-content\/uploads\/2020\/01\/received_471096457171856.jpeg\"><img decoding=\"async\" loading=\"lazy\" class=\"aligncenter size-full wp-image-3181\" src=\"http:\/\/osplukowiec.pl\/wp-content\/uploads\/2020\/01\/received_471096457171856.jpeg\" alt=\"\" width=\"567\" height=\"1167\" srcset=\"http:\/\/osplukowiec.pl\/wp-content\/uploads\/2020\/01\/received_471096457171856.jpeg 567w, http:\/\/osplukowiec.pl\/wp-content\/uploads\/2020\/01\/received_471096457171856-146x300.jpeg 146w, http:\/\/osplukowiec.pl\/wp-content\/uploads\/2020\/01\/received_471096457171856-498x1024.jpeg 498w, http:\/\/osplukowiec.pl\/wp-content\/uploads\/2020\/01\/received_471096457171856-520x1070.jpeg 520w\" sizes=\"(max-width: 567px) 100vw, 567px\" \/><\/a> <a href=\"http:\/\/osplukowiec.pl\/wp-content\/uploads\/2020\/01\/received_450520509189951.jpeg\"><img decoding=\"async\" loading=\"lazy\" class=\"aligncenter size-full wp-image-3179\" src=\"http:\/\/osplukowiec.pl\/wp-content\/uploads\/2020\/01\/received_450520509189951.jpeg\" alt=\"\" width=\"1152\" height=\"2048\" srcset=\"http:\/\/osplukowiec.pl\/wp-content\/uploads\/2020\/01\/received_450520509189951.jpeg 1152w, http:\/\/osplukowiec.pl\/wp-content\/uploads\/2020\/01\/received_450520509189951-169x300.jpeg 169w, http:\/\/osplukowiec.pl\/wp-content\/uploads\/2020\/01\/received_450520509189951-768x1365.jpeg 768w, http:\/\/osplukowiec.pl\/wp-content\/uploads\/2020\/01\/received_450520509189951-576x1024.jpeg 576w, http:\/\/osplukowiec.pl\/wp-content\/uploads\/2020\/01\/received_450520509189951-520x924.jpeg 520w, http:\/\/osplukowiec.pl\/wp-content\/uploads\/2020\/01\/received_450520509189951-740x1316.jpeg 740w\" sizes=\"(max-width: 1152px) 100vw, 1152px\" \/><\/a> <a href=\"http:\/\/osplukowiec.pl\/wp-content\/uploads\/2020\/01\/received_460315024857361.jpeg\"><img decoding=\"async\" loading=\"lazy\" class=\"aligncenter size-full wp-image-3180\" src=\"http:\/\/osplukowiec.pl\/wp-content\/uploads\/2020\/01\/received_460315024857361.jpeg\" alt=\"\" width=\"883\" height=\"1817\" srcset=\"http:\/\/osplukowiec.pl\/wp-content\/uploads\/2020\/01\/received_460315024857361.jpeg 883w, http:\/\/osplukowiec.pl\/wp-content\/uploads\/2020\/01\/received_460315024857361-146x300.jpeg 146w, http:\/\/osplukowiec.pl\/wp-content\/uploads\/2020\/01\/received_460315024857361-768x1580.jpeg 768w, http:\/\/osplukowiec.pl\/wp-content\/uploads\/2020\/01\/received_460315024857361-498x1024.jpeg 498w, http:\/\/osplukowiec.pl\/wp-content\/uploads\/2020\/01\/received_460315024857361-520x1070.jpeg 520w, http:\/\/osplukowiec.pl\/wp-content\/uploads\/2020\/01\/received_460315024857361-740x1523.jpeg 740w\" sizes=\"(max-width: 883px) 100vw, 883px\" \/><\/a> <a href=\"http:\/\/osplukowiec.pl\/wp-content\/uploads\/2020\/01\/fota-na-pocz\u0105tek.jpeg\"><img decoding=\"async\" loading=\"lazy\" class=\"aligncenter size-full wp-image-3171\" src=\"http:\/\/osplukowiec.pl\/wp-content\/uploads\/2020\/01\/fota-na-pocz\u0105tek.jpeg\" alt=\"\" width=\"1817\" height=\"883\" srcset=\"http:\/\/osplukowiec.pl\/wp-content\/uploads\/2020\/01\/fota-na-pocz\u0105tek.jpeg 1817w, http:\/\/osplukowiec.pl\/wp-content\/uploads\/2020\/01\/fota-na-pocz\u0105tek-300x146.jpeg 300w, http:\/\/osplukowiec.pl\/wp-content\/uploads\/2020\/01\/fota-na-pocz\u0105tek-768x373.jpeg 768w, http:\/\/osplukowiec.pl\/wp-content\/uploads\/2020\/01\/fota-na-pocz\u0105tek-1024x498.jpeg 1024w, http:\/\/osplukowiec.pl\/wp-content\/uploads\/2020\/01\/fota-na-pocz\u0105tek-520x253.jpeg 520w, http:\/\/osplukowiec.pl\/wp-content\/uploads\/2020\/01\/fota-na-pocz\u0105tek-740x360.jpeg 740w\" sizes=\"(max-width: 1817px) 100vw, 1817px\" \/><\/a><\/p>\n","protected":false},"excerpt":{"rendered":"<p>&nbsp; Nasze wspania\u0142e Gospodynie! Ko\u0142a Gospody\u0144 Wiejskich dzia\u0142aj\u0105ce w ramach stowarzyszenia OSP \u0141uk\u00f3wiec zosta\u0142o powo\u0142ane w dniu 8 pa\u017adziernika 2019 roku. Przewodnicz\u0105c\u0105 Ko\u0142a jest Marzena Ja\u0142ocha telefon Kontaktowy 516-328-904. Ko\u0142o liczy obecnie 13 cz\u0142onki\u0144. Sk\u0142ad<a class=\"read-more\" href=\"http:\/\/osplukowiec.pl\/index.php\/sekcja-tenisowa\/\">Czytaj dalej<\/a><\/p>\n","protected":false},"author":2,"featured_media":0,"parent":0,"menu_order":0,"comment_status":"closed","ping_status":"closed","template":"","meta":{"_mi_skip_tracking":false},"_links":{"self":[{"href":"http:\/\/osplukowiec.pl\/index.php\/wp-json\/wp\/v2\/pages\/117"}],"collection":[{"href":"http:\/\/osplukowiec.pl\/index.php\/wp-json\/wp\/v2\/pages"}],"about":[{"href":"http:\/\/osplukowiec.pl\/index.php\/wp-json\/wp\/v2\/types\/page"}],"author":[{"embeddable":true,"href":"http:\/\/osplukowiec.pl\/index.php\/wp-json\/wp\/v2\/users\/2"}],"replies":[{"embeddable":true,"href":"http:\/\/osplukowiec.pl\/index.php\/wp-json\/wp\/v2\/comments?post=117"}],"version-history":[{"count":5,"href":"http:\/\/osplukowiec.pl\/index.php\/wp-json\/wp\/v2\/pages\/117\/revisions"}],"predecessor-version":[{"id":3193,"href":"http:\/\/osplukowiec.pl\/index.php\/wp-json\/wp\/v2\/pages\/117\/revisions\/3193"}],"wp:attachment":[{"href":"http:\/\/osplukowiec.pl\/index.php\/wp-json\/wp\/v2\/media?parent=117"}],"curies":[{"name":"wp","href":"https:\/\/api.w.org\/{rel}","templated":true}]}}