{"id":6392,"date":"2022-04-19T18:16:33","date_gmt":"2022-04-19T16:16:33","guid":{"rendered":"http:\/\/osplukowiec.pl\/?page_id=6392"},"modified":"2024-12-26T20:28:29","modified_gmt":"2024-12-26T19:28:29","slug":"mdp-2021","status":"publish","type":"page","link":"http:\/\/osplukowiec.pl\/index.php\/mdp-2021\/","title":{"rendered":"MDP 2021"},"content":{"rendered":"<ul class=\"wp-block-latest-posts__list has-dates wp-block-latest-posts\"><li><a class=\"wp-block-latest-posts__post-title\" href=\"http:\/\/osplukowiec.pl\/index.php\/2021\/12\/19\/18-12-2021-zbiorka-mdp-ubieranie-choinki\/\">18.12.2021 Zbi\u00f3rka MDP &#8211; Ubieranie choinki<\/a><time datetime=\"2021-12-19T19:59:04+01:00\" class=\"wp-block-latest-posts__post-date\">19 grudnia 2021<\/time><\/li>\n<li><a class=\"wp-block-latest-posts__post-title\" href=\"http:\/\/osplukowiec.pl\/index.php\/2021\/12\/04\/mlodziezowa-druzyna-pozarnicza-przy-osp-lukowiec-wspiera-akcje-muremzapolskimmundurem\/\">M\u0142odzie\u017cowa Dru\u017cyna Po\u017carnicza przy OSP \u0141uk\u00f3wiec wspiera akcj\u0119 #MuremZaPolskimMundurem<\/a><time datetime=\"2021-12-04T19:46:39+01:00\" class=\"wp-block-latest-posts__post-date\">4 grudnia 2021<\/time><\/li>\n<li><a class=\"wp-block-latest-posts__post-title\" href=\"http:\/\/osplukowiec.pl\/index.php\/2021\/11\/21\/20-11-2021-zbiorka-mdp-linie-gasnicze-w-terenie\/\">20.11.2021 Zbi\u00f3rka MDP &#8211; Linie ga\u015bnicze w terenie<\/a><time datetime=\"2021-11-21T19:42:09+01:00\" class=\"wp-block-latest-posts__post-date\">21 listopada 2021<\/time><\/li>\n<li><a class=\"wp-block-latest-posts__post-title\" href=\"http:\/\/osplukowiec.pl\/index.php\/2021\/11\/07\/06-11-2021-zbiorka-mdp-musztra\/\">06.11.2021 Zbi\u00f3rka MDP &#8211; Musztra<\/a><time datetime=\"2021-11-07T19:17:56+01:00\" class=\"wp-block-latest-posts__post-date\">7 listopada 2021<\/time><\/li>\n<li><a class=\"wp-block-latest-posts__post-title\" href=\"http:\/\/osplukowiec.pl\/index.php\/2021\/10\/24\/23-10-2021-zbiorka-mdp-kronika-i-konserwacja-sprzetu\/\">23.10.2021 Zbi\u00f3rka MDP &#8211; Kronika i konserwacja sprz\u0119tu<\/a><time datetime=\"2021-10-24T19:14:17+02:00\" class=\"wp-block-latest-posts__post-date\">24 pa\u017adziernika 2021<\/time><\/li>\n<\/ul>","protected":false},"excerpt":{"rendered":"","protected":false},"author":6,"featured_media":0,"parent":0,"menu_order":0,"comment_status":"closed","ping_status":"closed","template":"","meta":{"_mi_skip_tracking":false},"_links":{"self":[{"href":"http:\/\/osplukowiec.pl\/index.php\/wp-json\/wp\/v2\/pages\/6392"}],"collection":[{"href":"http:\/\/osplukowiec.pl\/index.php\/wp-json\/wp\/v2\/pages"}],"about":[{"href":"http:\/\/osplukowiec.pl\/index.php\/wp-json\/wp\/v2\/types\/page"}],"author":[{"embeddable":true,"href":"http:\/\/osplukowiec.pl\/index.php\/wp-json\/wp\/v2\/users\/6"}],"replies":[{"embeddable":true,"href":"http:\/\/osplukowiec.pl\/index.php\/wp-json\/wp\/v2\/comments?post=6392"}],"version-history":[{"count":2,"href":"http:\/\/osplukowiec.pl\/index.php\/wp-json\/wp\/v2\/pages\/6392\/revisions"}],"predecessor-version":[{"id":7768,"href":"http:\/\/osplukowiec.pl\/index.php\/wp-json\/wp\/v2\/pages\/6392\/revisions\/7768"}],"wp:attachment":[{"href":"http:\/\/osplukowiec.pl\/index.php\/wp-json\/wp\/v2\/media?parent=6392"}],"curies":[{"name":"wp","href":"https:\/\/api.w.org\/{rel}","templated":true}]}}