{"id":6569,"date":"2022-04-19T20:46:24","date_gmt":"2022-04-19T18:46:24","guid":{"rendered":"http:\/\/osplukowiec.pl\/?page_id=6569"},"modified":"2024-12-26T20:21:36","modified_gmt":"2024-12-26T19:21:36","slug":"mdp-2022","status":"publish","type":"page","link":"http:\/\/osplukowiec.pl\/index.php\/mdp-2022\/","title":{"rendered":"MDP 2022"},"content":{"rendered":"<ul class=\"wp-block-latest-posts__list has-dates wp-block-latest-posts\"><li><div class=\"wp-block-latest-posts__featured-image alignleft\"><img width=\"150\" height=\"150\" src=\"http:\/\/osplukowiec.pl\/wp-content\/uploads\/2023\/03\/1-150x150.jpg\" class=\"attachment-thumbnail size-thumbnail wp-post-image\" alt=\"\" decoding=\"async\" loading=\"lazy\" style=\"\" \/><\/div><a class=\"wp-block-latest-posts__post-title\" href=\"http:\/\/osplukowiec.pl\/index.php\/2022\/12\/29\/odbior-promes-na-zakup-umundurowania-dla-mdp\/\">Odbi\u00f3r promes na zakup umundurowania dla MDP<\/a><time datetime=\"2022-12-29T19:48:46+01:00\" class=\"wp-block-latest-posts__post-date\">29 grudnia 2022<\/time><\/li>\n<li><div class=\"wp-block-latest-posts__featured-image alignleft\"><img width=\"150\" height=\"150\" src=\"http:\/\/osplukowiec.pl\/wp-content\/uploads\/2023\/03\/320565147_1233793593891616_6443370085376141237_n-150x150.jpg\" class=\"attachment-thumbnail size-thumbnail wp-post-image\" alt=\"\" decoding=\"async\" loading=\"lazy\" style=\"\" \/><\/div><a class=\"wp-block-latest-posts__post-title\" href=\"http:\/\/osplukowiec.pl\/index.php\/2022\/12\/21\/mdp-ubiera-choinke-fotorelacja\/\">MDP ubiera choink\u0119! (FOTORELACJA)<\/a><time datetime=\"2022-12-21T16:21:10+01:00\" class=\"wp-block-latest-posts__post-date\">21 grudnia 2022<\/time><\/li>\n<li><div class=\"wp-block-latest-posts__featured-image alignleft\"><img width=\"150\" height=\"150\" src=\"http:\/\/osplukowiec.pl\/wp-content\/uploads\/2023\/03\/319143131_842895793685347_457240998430634201_n-150x150.jpg\" class=\"attachment-thumbnail size-thumbnail wp-post-image\" alt=\"\" decoding=\"async\" loading=\"lazy\" style=\"\" \/><\/div><a class=\"wp-block-latest-posts__post-title\" href=\"http:\/\/osplukowiec.pl\/index.php\/2022\/12\/15\/mdp-i-szlachetna-paczka-2022-fotorelacja\/\">MDP i Szlachetna Paczka 2022 (FOTORELACJA)<\/a><time datetime=\"2022-12-15T16:11:07+01:00\" class=\"wp-block-latest-posts__post-date\">15 grudnia 2022<\/time><\/li>\n<li><div class=\"wp-block-latest-posts__featured-image alignleft\"><img width=\"150\" height=\"150\" src=\"http:\/\/osplukowiec.pl\/wp-content\/uploads\/2022\/11\/314872935_470446938522416_8839598936198004014_n-150x150.jpg\" class=\"attachment-thumbnail size-thumbnail wp-post-image\" alt=\"\" decoding=\"async\" loading=\"lazy\" style=\"\" \/><\/div><a class=\"wp-block-latest-posts__post-title\" href=\"http:\/\/osplukowiec.pl\/index.php\/2022\/11\/14\/swieto-niepodleglosci-2022-druhowie-i-mdp-osp-lukowiec\/\">\u015awi\u0119to Niepodleg\u0142o\u015bci 2022 | Druhowie i MDP OSP \u0141uk\u00f3wiec<\/a><time datetime=\"2022-11-14T22:46:08+01:00\" class=\"wp-block-latest-posts__post-date\">14 listopada 2022<\/time><\/li>\n<li><div class=\"wp-block-latest-posts__featured-image alignleft\"><img width=\"150\" height=\"150\" src=\"http:\/\/osplukowiec.pl\/wp-content\/uploads\/2022\/11\/20221029_140222_Easy-Resize.com_-150x150.jpg\" class=\"attachment-thumbnail size-thumbnail wp-post-image\" alt=\"\" decoding=\"async\" loading=\"lazy\" style=\"\" \/><\/div><a class=\"wp-block-latest-posts__post-title\" href=\"http:\/\/osplukowiec.pl\/index.php\/2022\/11\/09\/zajecia-gospodarczo-porzadkowe-na-terenie-osp\/\">Zaj\u0119cia gospodarczo-porz\u0105dkowe na terenie OSP<\/a><time datetime=\"2022-11-09T22:57:17+01:00\" class=\"wp-block-latest-posts__post-date\">9 listopada 2022<\/time><\/li>\n<\/ul>","protected":false},"excerpt":{"rendered":"","protected":false},"author":6,"featured_media":0,"parent":0,"menu_order":0,"comment_status":"closed","ping_status":"closed","template":"","meta":{"_mi_skip_tracking":false},"_links":{"self":[{"href":"http:\/\/osplukowiec.pl\/index.php\/wp-json\/wp\/v2\/pages\/6569"}],"collection":[{"href":"http:\/\/osplukowiec.pl\/index.php\/wp-json\/wp\/v2\/pages"}],"about":[{"href":"http:\/\/osplukowiec.pl\/index.php\/wp-json\/wp\/v2\/types\/page"}],"author":[{"embeddable":true,"href":"http:\/\/osplukowiec.pl\/index.php\/wp-json\/wp\/v2\/users\/6"}],"replies":[{"embeddable":true,"href":"http:\/\/osplukowiec.pl\/index.php\/wp-json\/wp\/v2\/comments?post=6569"}],"version-history":[{"count":3,"href":"http:\/\/osplukowiec.pl\/index.php\/wp-json\/wp\/v2\/pages\/6569\/revisions"}],"predecessor-version":[{"id":7760,"href":"http:\/\/osplukowiec.pl\/index.php\/wp-json\/wp\/v2\/pages\/6569\/revisions\/7760"}],"wp:attachment":[{"href":"http:\/\/osplukowiec.pl\/index.php\/wp-json\/wp\/v2\/media?parent=6569"}],"curies":[{"name":"wp","href":"https:\/\/api.w.org\/{rel}","templated":true}]}}