{"id":7057,"date":"2023-03-04T16:24:22","date_gmt":"2023-03-04T15:24:22","guid":{"rendered":"http:\/\/osplukowiec.pl\/?page_id=7057"},"modified":"2024-12-26T20:22:34","modified_gmt":"2024-12-26T19:22:34","slug":"mdp-2023","status":"publish","type":"page","link":"http:\/\/osplukowiec.pl\/index.php\/mdp-2023\/","title":{"rendered":"MDP 2023"},"content":{"rendered":"<ul class=\"wp-block-latest-posts__list has-dates wp-block-latest-posts\"><li><div class=\"wp-block-latest-posts__featured-image alignleft\"><img width=\"150\" height=\"150\" src=\"http:\/\/osplukowiec.pl\/wp-content\/uploads\/2023\/09\/zabezpieczenie-150x150.jpg\" class=\"attachment-thumbnail size-thumbnail wp-post-image\" alt=\"\" decoding=\"async\" loading=\"lazy\" style=\"\" \/><\/div><a class=\"wp-block-latest-posts__post-title\" href=\"http:\/\/osplukowiec.pl\/index.php\/2023\/09\/27\/zabezpieczenie-biegu\/\">Zabezpieczenie Biegu<\/a><time datetime=\"2023-09-27T21:09:02+02:00\" class=\"wp-block-latest-posts__post-date\">27 wrze\u015bnia 2023<\/time><\/li>\n<li><div class=\"wp-block-latest-posts__featured-image alignleft\"><img width=\"150\" height=\"150\" src=\"http:\/\/osplukowiec.pl\/wp-content\/uploads\/2023\/09\/378294129_648191227414652_4789557334600144503_n-150x150.jpg\" class=\"attachment-thumbnail size-thumbnail wp-post-image\" alt=\"\" decoding=\"async\" loading=\"lazy\" style=\"\" \/><\/div><a class=\"wp-block-latest-posts__post-title\" href=\"http:\/\/osplukowiec.pl\/index.php\/2023\/09\/27\/cwiczenia-mdp-ze-sprzetem-strazackim\/\">\u0106wiczenia MDP ze sprz\u0119tem stra\u017cackim<\/a><time datetime=\"2023-09-27T21:00:13+02:00\" class=\"wp-block-latest-posts__post-date\">27 wrze\u015bnia 2023<\/time><\/li>\n<li><div class=\"wp-block-latest-posts__featured-image alignleft\"><img width=\"150\" height=\"150\" src=\"http:\/\/osplukowiec.pl\/wp-content\/uploads\/2023\/09\/373430873_316487437433756_5188912109781154520_n-150x150.jpg\" class=\"attachment-thumbnail size-thumbnail wp-post-image\" alt=\"\" decoding=\"async\" loading=\"lazy\" style=\"\" \/><\/div><a class=\"wp-block-latest-posts__post-title\" href=\"http:\/\/osplukowiec.pl\/index.php\/2023\/09\/13\/kronika-mdp-osp-lukowiec\/\">KRONIKA MDP OSP \u0141UK\u00d3WIEC<\/a><time datetime=\"2023-09-13T12:30:41+02:00\" class=\"wp-block-latest-posts__post-date\">13 wrze\u015bnia 2023<\/time><\/li>\n<li><div class=\"wp-block-latest-posts__featured-image alignleft\"><img width=\"150\" height=\"150\" src=\"http:\/\/osplukowiec.pl\/wp-content\/uploads\/2023\/09\/373420261_1464961070742153_3408694870666365660_n-150x150.jpg\" class=\"attachment-thumbnail size-thumbnail wp-post-image\" alt=\"\" decoding=\"async\" loading=\"lazy\" style=\"\" \/><\/div><a class=\"wp-block-latest-posts__post-title\" href=\"http:\/\/osplukowiec.pl\/index.php\/2023\/09\/13\/hold-sp-markowi-bartwickiemu\/\">Ho\u0142d \u015bp. Markowi Bartwickiemu<\/a><time datetime=\"2023-09-13T12:16:24+02:00\" class=\"wp-block-latest-posts__post-date\">13 wrze\u015bnia 2023<\/time><\/li>\n<li><div class=\"wp-block-latest-posts__featured-image alignleft\"><img width=\"150\" height=\"150\" src=\"http:\/\/osplukowiec.pl\/wp-content\/uploads\/2023\/08\/oboz-mdp-150x150.jpg\" class=\"attachment-thumbnail size-thumbnail wp-post-image\" alt=\"\" decoding=\"async\" loading=\"lazy\" style=\"\" \/><\/div><a class=\"wp-block-latest-posts__post-title\" href=\"http:\/\/osplukowiec.pl\/index.php\/2023\/07\/16\/v-oboz-mdp-powiatu-otwockiego\/\">V ob\u00f3z MDP powiatu otwockiego<\/a><time datetime=\"2023-07-16T12:29:21+02:00\" class=\"wp-block-latest-posts__post-date\">16 lipca 2023<\/time><\/li>\n<li><div class=\"wp-block-latest-posts__featured-image alignleft\"><img width=\"150\" height=\"150\" src=\"http:\/\/osplukowiec.pl\/wp-content\/uploads\/2023\/08\/356399217_606477814919327_321867694356663337_n-150x150.jpg\" class=\"attachment-thumbnail size-thumbnail wp-post-image\" alt=\"\" decoding=\"async\" loading=\"lazy\" style=\"\" \/><\/div><a class=\"wp-block-latest-posts__post-title\" href=\"http:\/\/osplukowiec.pl\/index.php\/2023\/06\/24\/zawody-sportowo-pozarnicze-mdp-osp-w-karczewie\/\">Zawody sportowo-po\u017carnicze MDP OSP w Karczewie<\/a><time datetime=\"2023-06-24T12:26:06+02:00\" class=\"wp-block-latest-posts__post-date\">24 czerwca 2023<\/time><\/li>\n<li><div class=\"wp-block-latest-posts__featured-image alignleft\"><img width=\"150\" height=\"150\" src=\"http:\/\/osplukowiec.pl\/wp-content\/uploads\/2023\/08\/20230603_154712_Easy-Resize.com_-150x150.jpg\" class=\"attachment-thumbnail size-thumbnail wp-post-image\" alt=\"\" decoding=\"async\" loading=\"lazy\" style=\"\" \/><\/div><a class=\"wp-block-latest-posts__post-title\" href=\"http:\/\/osplukowiec.pl\/index.php\/2023\/06\/05\/dzien-rodziny-oow-falenica\/\">Dzie\u0144 rodziny OOW Falenica<\/a><time datetime=\"2023-06-05T13:16:37+02:00\" class=\"wp-block-latest-posts__post-date\">5 czerwca 2023<\/time><\/li>\n<li><div class=\"wp-block-latest-posts__featured-image alignleft\"><img width=\"150\" height=\"150\" src=\"http:\/\/osplukowiec.pl\/wp-content\/uploads\/2023\/08\/20230527_125336_Easy-Resize.com_-150x150.jpg\" class=\"attachment-thumbnail size-thumbnail wp-post-image\" alt=\"\" decoding=\"async\" loading=\"lazy\" style=\"\" \/><\/div><a class=\"wp-block-latest-posts__post-title\" href=\"http:\/\/osplukowiec.pl\/index.php\/2023\/05\/30\/pielgrzymka-strazacka-na-jasna-gore\/\">Pielgrzymka stra\u017cacka na Jasn\u0105 G\u00f3r\u0119<\/a><time datetime=\"2023-05-30T12:50:55+02:00\" class=\"wp-block-latest-posts__post-date\">30 maja 2023<\/time><\/li>\n<li><div class=\"wp-block-latest-posts__featured-image alignleft\"><img width=\"150\" height=\"150\" src=\"http:\/\/osplukowiec.pl\/wp-content\/uploads\/2023\/08\/20230610_170219_Easy-Resize.com_-150x150.jpg\" class=\"attachment-thumbnail size-thumbnail wp-post-image\" alt=\"\" decoding=\"async\" loading=\"lazy\" style=\"\" \/><\/div><a class=\"wp-block-latest-posts__post-title\" href=\"http:\/\/osplukowiec.pl\/index.php\/2023\/05\/29\/przygotowania-do-zawodow-mdp\/\">Przygotowania do zawod\u00f3w MDP<\/a><time datetime=\"2023-05-29T12:41:10+02:00\" class=\"wp-block-latest-posts__post-date\">29 maja 2023<\/time><\/li>\n<li><div class=\"wp-block-latest-posts__featured-image alignleft\"><img width=\"150\" height=\"150\" src=\"http:\/\/osplukowiec.pl\/wp-content\/uploads\/2023\/08\/obraz1-150x150.jpg\" class=\"attachment-thumbnail size-thumbnail wp-post-image\" alt=\"\" decoding=\"async\" loading=\"lazy\" style=\"\" \/><\/div><a class=\"wp-block-latest-posts__post-title\" href=\"http:\/\/osplukowiec.pl\/index.php\/2023\/05\/14\/nawiedzenie-obrazu-matki-bozej-kodenskiej\/\">Nawiedzenie obrazu Matki Bo\u017cej Kode\u0144skiej<\/a><time datetime=\"2023-05-14T12:18:10+02:00\" class=\"wp-block-latest-posts__post-date\">14 maja 2023<\/time><\/li>\n<li><div class=\"wp-block-latest-posts__featured-image alignleft\"><img width=\"150\" height=\"150\" src=\"http:\/\/osplukowiec.pl\/wp-content\/uploads\/2023\/04\/340460683_1610456302733859_8332468714937651346_n-1-150x150.jpg\" class=\"attachment-thumbnail size-thumbnail wp-post-image\" alt=\"\" decoding=\"async\" loading=\"lazy\" style=\"\" \/><\/div><a class=\"wp-block-latest-posts__post-title\" href=\"http:\/\/osplukowiec.pl\/index.php\/2023\/04\/08\/niedziela-palmowa\/\">Niedziela palmowa<\/a><time datetime=\"2023-04-08T23:37:27+02:00\" class=\"wp-block-latest-posts__post-date\">8 kwietnia 2023<\/time><\/li>\n<li><div class=\"wp-block-latest-posts__featured-image alignleft\"><img width=\"150\" height=\"150\" src=\"http:\/\/osplukowiec.pl\/wp-content\/uploads\/2023\/04\/340489470_255877546993362_7853214160294047854_n-150x150.jpg\" class=\"attachment-thumbnail size-thumbnail wp-post-image\" alt=\"\" decoding=\"async\" loading=\"lazy\" style=\"\" \/><\/div><a class=\"wp-block-latest-posts__post-title\" href=\"http:\/\/osplukowiec.pl\/index.php\/2023\/04\/08\/czuwanie-przy-grobie-pana-jezusa\/\">Czuwanie przy grobie Pana Jezusa<\/a><time datetime=\"2023-04-08T23:29:53+02:00\" class=\"wp-block-latest-posts__post-date\">8 kwietnia 2023<\/time><\/li>\n<li><div class=\"wp-block-latest-posts__featured-image alignleft\"><img width=\"150\" height=\"150\" src=\"http:\/\/osplukowiec.pl\/wp-content\/uploads\/2023\/08\/20230325_130950_Easy-Resize.com_-150x150.jpg\" class=\"attachment-thumbnail size-thumbnail wp-post-image\" alt=\"\" decoding=\"async\" loading=\"lazy\" style=\"\" \/><\/div><a class=\"wp-block-latest-posts__post-title\" href=\"http:\/\/osplukowiec.pl\/index.php\/2023\/03\/26\/sprzet-i-konserwacja\/\">Sprz\u0119t i konserwacja<\/a><time datetime=\"2023-03-26T13:08:49+02:00\" class=\"wp-block-latest-posts__post-date\">26 marca 2023<\/time><\/li>\n<li><div class=\"wp-block-latest-posts__featured-image alignleft\"><img width=\"150\" height=\"150\" src=\"http:\/\/osplukowiec.pl\/wp-content\/uploads\/2023\/08\/331543914_730140788614548_5177743071934940021_n-150x150.jpg\" class=\"attachment-thumbnail size-thumbnail wp-post-image\" alt=\"\" decoding=\"async\" loading=\"lazy\" style=\"\" \/><\/div><a class=\"wp-block-latest-posts__post-title\" href=\"http:\/\/osplukowiec.pl\/index.php\/2023\/03\/11\/powiatowe-eliminacje-do-otwp\/\">Powiatowe eliminacje do OTWP<\/a><time datetime=\"2023-03-11T13:36:49+01:00\" class=\"wp-block-latest-posts__post-date\">11 marca 2023<\/time><\/li>\n<li><div class=\"wp-block-latest-posts__featured-image alignleft\"><img width=\"150\" height=\"150\" src=\"http:\/\/osplukowiec.pl\/wp-content\/uploads\/2023\/08\/20230203_134649_Easy-Resize.com_-150x150.jpg\" class=\"attachment-thumbnail size-thumbnail wp-post-image\" alt=\"\" decoding=\"async\" loading=\"lazy\" style=\"\" \/><\/div><a class=\"wp-block-latest-posts__post-title\" href=\"http:\/\/osplukowiec.pl\/index.php\/2023\/03\/02\/etap-gminny-otwp\/\">Etap gminny OTWP<\/a><time datetime=\"2023-03-02T12:37:42+01:00\" class=\"wp-block-latest-posts__post-date\">2 marca 2023<\/time><\/li>\n<li><div class=\"wp-block-latest-posts__featured-image alignleft\"><img width=\"150\" height=\"150\" src=\"http:\/\/osplukowiec.pl\/wp-content\/uploads\/2023\/08\/20230120_092842_Easy-Resize.com_-150x150.jpg\" class=\"attachment-thumbnail size-thumbnail wp-post-image\" alt=\"\" decoding=\"async\" loading=\"lazy\" style=\"\" \/><\/div><a class=\"wp-block-latest-posts__post-title\" href=\"http:\/\/osplukowiec.pl\/index.php\/2023\/02\/10\/przygotowania-do-otwp-w-zs-karczew\/\">Przygotowania do OTWP w ZS Karczew<\/a><time datetime=\"2023-02-10T12:45:00+01:00\" class=\"wp-block-latest-posts__post-date\">10 lutego 2023<\/time><\/li>\n<li><div class=\"wp-block-latest-posts__featured-image alignleft\"><img width=\"150\" height=\"150\" src=\"http:\/\/osplukowiec.pl\/wp-content\/uploads\/2023\/08\/20230114_132844_Easy-Resize.com_-150x150.jpg\" class=\"attachment-thumbnail size-thumbnail wp-post-image\" alt=\"\" decoding=\"async\" loading=\"lazy\" style=\"\" \/><\/div><a class=\"wp-block-latest-posts__post-title\" href=\"http:\/\/osplukowiec.pl\/index.php\/2023\/01\/23\/nowe-umundurowanie-dla-mdp\/\">Nowe umundurowanie dla MDP<\/a><time datetime=\"2023-01-23T13:23:05+01:00\" class=\"wp-block-latest-posts__post-date\">23 stycznia 2023<\/time><\/li>\n<\/ul>","protected":false},"excerpt":{"rendered":"","protected":false},"author":6,"featured_media":0,"parent":0,"menu_order":0,"comment_status":"closed","ping_status":"closed","template":"","meta":{"_mi_skip_tracking":false},"_links":{"self":[{"href":"http:\/\/osplukowiec.pl\/index.php\/wp-json\/wp\/v2\/pages\/7057"}],"collection":[{"href":"http:\/\/osplukowiec.pl\/index.php\/wp-json\/wp\/v2\/pages"}],"about":[{"href":"http:\/\/osplukowiec.pl\/index.php\/wp-json\/wp\/v2\/types\/page"}],"author":[{"embeddable":true,"href":"http:\/\/osplukowiec.pl\/index.php\/wp-json\/wp\/v2\/users\/6"}],"replies":[{"embeddable":true,"href":"http:\/\/osplukowiec.pl\/index.php\/wp-json\/wp\/v2\/comments?post=7057"}],"version-history":[{"count":4,"href":"http:\/\/osplukowiec.pl\/index.php\/wp-json\/wp\/v2\/pages\/7057\/revisions"}],"predecessor-version":[{"id":7762,"href":"http:\/\/osplukowiec.pl\/index.php\/wp-json\/wp\/v2\/pages\/7057\/revisions\/7762"}],"wp:attachment":[{"href":"http:\/\/osplukowiec.pl\/index.php\/wp-json\/wp\/v2\/media?parent=7057"}],"curies":[{"name":"wp","href":"https:\/\/api.w.org\/{rel}","templated":true}]}}