{"id":729,"date":"2019-01-23T07:09:47","date_gmt":"2019-01-23T06:09:47","guid":{"rendered":"http:\/\/osplukowiec.pl\/?page_id=729"},"modified":"2024-12-26T20:45:21","modified_gmt":"2024-12-26T19:45:21","slug":"mdp-2019","status":"publish","type":"page","link":"http:\/\/osplukowiec.pl\/index.php\/mdp-2019\/","title":{"rendered":"MDP 2019"},"content":{"rendered":"<ul class=\"wp-block-latest-posts__list has-dates wp-block-latest-posts\"><li><div class=\"wp-block-latest-posts__featured-image alignleft\"><img width=\"150\" height=\"150\" src=\"http:\/\/osplukowiec.pl\/wp-content\/uploads\/2019\/12\/received_472117750098148-150x150.jpeg\" class=\"attachment-thumbnail size-thumbnail wp-post-image\" alt=\"\" decoding=\"async\" loading=\"lazy\" style=\"\" \/><\/div><a class=\"wp-block-latest-posts__post-title\" href=\"http:\/\/osplukowiec.pl\/index.php\/2019\/12\/08\/prezent-mikolajkowy-dla-naszej-mdp\/\">Prezent Miko\u0142ajkowy dla naszej MDP<\/a><time datetime=\"2019-12-08T10:43:35+01:00\" class=\"wp-block-latest-posts__post-date\">8 grudnia 2019<\/time><\/li>\n<li><div class=\"wp-block-latest-posts__featured-image alignleft\"><img width=\"150\" height=\"150\" src=\"http:\/\/osplukowiec.pl\/wp-content\/uploads\/2019\/11\/73151299_1208830329303351_584027818959044608_n-150x150.jpg\" class=\"attachment-thumbnail size-thumbnail wp-post-image\" alt=\"\" decoding=\"async\" loading=\"lazy\" style=\"\" \/><\/div><a class=\"wp-block-latest-posts__post-title\" href=\"http:\/\/osplukowiec.pl\/index.php\/2019\/11\/12\/09-11-2019-zbiorka-mdp-osp-lukowiec-cwiczymy-cwiczymy\/\">09.11.2019 ZBI\u00d3RKA MDP OSP \u0141UK\u00d3WIEC \u0106WICZYMY \u0106WICZYMY<\/a><time datetime=\"2019-11-12T06:23:06+01:00\" class=\"wp-block-latest-posts__post-date\">12 listopada 2019<\/time><\/li>\n<li><div class=\"wp-block-latest-posts__featured-image alignleft\"><img width=\"150\" height=\"150\" src=\"http:\/\/osplukowiec.pl\/wp-content\/uploads\/2019\/10\/73390666_1183766511809733_1089182892854083584_n-150x150.jpg\" class=\"attachment-thumbnail size-thumbnail wp-post-image\" alt=\"\" decoding=\"async\" loading=\"lazy\" style=\"\" \/><\/div><a class=\"wp-block-latest-posts__post-title\" href=\"http:\/\/osplukowiec.pl\/index.php\/2019\/10\/15\/zbiorka-mlodziezowej-druzyny-pozarniczej-osp-lukowiec\/\">Zbi\u00f3rka M\u0142odzie\u017cowej Dru\u017cyny Po\u017carniczej OSP \u0141UK\u00d3WIEC 12.10.2019.<\/a><time datetime=\"2019-10-15T06:53:52+02:00\" class=\"wp-block-latest-posts__post-date\">15 pa\u017adziernika 2019<\/time><\/li>\n<li><div class=\"wp-block-latest-posts__featured-image alignleft\"><img width=\"150\" height=\"150\" src=\"http:\/\/osplukowiec.pl\/wp-content\/uploads\/2019\/05\/rrrrrr-150x150.jpg\" class=\"attachment-thumbnail size-thumbnail wp-post-image\" alt=\"\" decoding=\"async\" loading=\"lazy\" style=\"\" \/><\/div><a class=\"wp-block-latest-posts__post-title\" href=\"http:\/\/osplukowiec.pl\/index.php\/2019\/05\/08\/swieto-strazaka-warszawice-2019\/\">\u015awi\u0119to Stra\u017caka &#8211; Warszawice 2019<\/a><time datetime=\"2019-05-08T07:12:07+02:00\" class=\"wp-block-latest-posts__post-date\">8 maja 2019<\/time><\/li>\n<li><div class=\"wp-block-latest-posts__featured-image alignleft\"><img width=\"150\" height=\"150\" src=\"http:\/\/osplukowiec.pl\/wp-content\/uploads\/2019\/04\/57449572_1062410807278638_5269734188528959488_n-150x150.jpg\" class=\"attachment-thumbnail size-thumbnail wp-post-image\" alt=\"\" decoding=\"async\" loading=\"lazy\" style=\"\" \/><\/div><a class=\"wp-block-latest-posts__post-title\" href=\"http:\/\/osplukowiec.pl\/index.php\/2019\/04\/23\/pierwsza-taka-sluzba-dla-mdp-21-04-2019\/\">Pierwsza taka s\u0142u\u017cba dla MDP&#8221; 21.04.2019<\/a><time datetime=\"2019-04-23T06:31:44+02:00\" class=\"wp-block-latest-posts__post-date\">23 kwietnia 2019<\/time><\/li>\n<li><div class=\"wp-block-latest-posts__featured-image alignleft\"><img width=\"150\" height=\"150\" src=\"http:\/\/osplukowiec.pl\/wp-content\/uploads\/2019\/02\/mdp1-150x150.jpg\" class=\"attachment-thumbnail size-thumbnail wp-post-image\" alt=\"\" decoding=\"async\" loading=\"lazy\" style=\"\" \/><\/div><a class=\"wp-block-latest-posts__post-title\" href=\"http:\/\/osplukowiec.pl\/index.php\/2019\/02\/27\/23-02-2019-zbiorka-mdp-przygotowanie-do-zawodow\/\">23.02.2019 Zbi\u00f3rka MDP Przygotowanie do zawod\u00f3w<\/a><time datetime=\"2019-02-27T12:33:09+01:00\" class=\"wp-block-latest-posts__post-date\">27 lutego 2019<\/time><\/li>\n<\/ul>","protected":false},"excerpt":{"rendered":"","protected":false},"author":4,"featured_media":0,"parent":0,"menu_order":0,"comment_status":"closed","ping_status":"closed","template":"","meta":{"_mi_skip_tracking":false},"_links":{"self":[{"href":"http:\/\/osplukowiec.pl\/index.php\/wp-json\/wp\/v2\/pages\/729"}],"collection":[{"href":"http:\/\/osplukowiec.pl\/index.php\/wp-json\/wp\/v2\/pages"}],"about":[{"href":"http:\/\/osplukowiec.pl\/index.php\/wp-json\/wp\/v2\/types\/page"}],"author":[{"embeddable":true,"href":"http:\/\/osplukowiec.pl\/index.php\/wp-json\/wp\/v2\/users\/4"}],"replies":[{"embeddable":true,"href":"http:\/\/osplukowiec.pl\/index.php\/wp-json\/wp\/v2\/comments?post=729"}],"version-history":[{"count":2,"href":"http:\/\/osplukowiec.pl\/index.php\/wp-json\/wp\/v2\/pages\/729\/revisions"}],"predecessor-version":[{"id":7784,"href":"http:\/\/osplukowiec.pl\/index.php\/wp-json\/wp\/v2\/pages\/729\/revisions\/7784"}],"wp:attachment":[{"href":"http:\/\/osplukowiec.pl\/index.php\/wp-json\/wp\/v2\/media?parent=729"}],"curies":[{"name":"wp","href":"https:\/\/api.w.org\/{rel}","templated":true}]}}