{"id":733,"date":"2019-01-23T07:13:27","date_gmt":"2019-01-23T06:13:27","guid":{"rendered":"http:\/\/osplukowiec.pl\/?page_id=733"},"modified":"2024-12-26T20:44:46","modified_gmt":"2024-12-26T19:44:46","slug":"mdp-2018","status":"publish","type":"page","link":"http:\/\/osplukowiec.pl\/index.php\/mdp-2018\/","title":{"rendered":"MDP 2018"},"content":{"rendered":"\n<div class=\"is-layout-flex wp-container-3 wp-block-columns\">\n<div class=\"is-layout-flow wp-block-column\" style=\"flex-basis:100%\">\n<div class=\"is-layout-constrained wp-block-group\"><div class=\"wp-block-group__inner-container\"><ul class=\"wp-block-latest-posts__list has-dates alignleft wp-block-latest-posts\"><li><div class=\"wp-block-latest-posts__featured-image alignleft\"><img width=\"150\" height=\"150\" src=\"http:\/\/osplukowiec.pl\/wp-content\/uploads\/2018\/12\/6-150x150.jpg\" class=\"attachment-thumbnail size-thumbnail wp-post-image\" alt=\"\" decoding=\"async\" loading=\"lazy\" style=\"\" \/><\/div><a class=\"wp-block-latest-posts__post-title\" href=\"http:\/\/osplukowiec.pl\/index.php\/2018\/12\/22\/swiateczna-zbiorka-mdp\/\">\u015awi\u0105teczna zbi\u00f3rka MDP<\/a><time datetime=\"2018-12-22T20:46:33+01:00\" class=\"wp-block-latest-posts__post-date\">22 grudnia 2018<\/time><\/li>\n<li><div class=\"wp-block-latest-posts__featured-image alignleft\"><img width=\"150\" height=\"150\" src=\"http:\/\/osplukowiec.pl\/wp-content\/uploads\/2018\/11\/46427484_972251212961265_6622148742122307584_n-1-150x150.jpg\" class=\"attachment-thumbnail size-thumbnail wp-post-image\" alt=\"\" decoding=\"async\" loading=\"lazy\" style=\"\" \/><\/div><a class=\"wp-block-latest-posts__post-title\" href=\"http:\/\/osplukowiec.pl\/index.php\/2018\/11\/19\/2018-11-17-zbiorka-mdp-osp-lukowiec\/\">2018.11.17 Zbi\u00f3rka MDP OSP \u0141UK\u00d3WIEC<\/a><time datetime=\"2018-11-19T07:32:42+01:00\" class=\"wp-block-latest-posts__post-date\">19 listopada 2018<\/time><\/li>\n<li><div class=\"wp-block-latest-posts__featured-image alignleft\"><img width=\"150\" height=\"150\" src=\"http:\/\/osplukowiec.pl\/wp-content\/uploads\/2018\/11\/20181103_143154-150x150.jpg\" class=\"attachment-thumbnail size-thumbnail wp-post-image\" alt=\"\" decoding=\"async\" loading=\"lazy\" style=\"\" \/><\/div><a class=\"wp-block-latest-posts__post-title\" href=\"http:\/\/osplukowiec.pl\/index.php\/2018\/11\/04\/spotkanie-mdp-2018-11-03\/\">Spotkanie MDP  2018-11-03<\/a><time datetime=\"2018-11-04T16:52:39+01:00\" class=\"wp-block-latest-posts__post-date\">4 listopada 2018<\/time><\/li>\n<li><div class=\"wp-block-latest-posts__featured-image alignleft\"><img width=\"150\" height=\"150\" src=\"http:\/\/osplukowiec.pl\/wp-content\/uploads\/2018\/10\/8-150x150.jpg\" class=\"attachment-thumbnail size-thumbnail wp-post-image\" alt=\"\" decoding=\"async\" loading=\"lazy\" style=\"\" \/><\/div><a class=\"wp-block-latest-posts__post-title\" href=\"http:\/\/osplukowiec.pl\/index.php\/2018\/10\/22\/witaj-swiecie\/\">Wizyta M\u0142odzie\u017cowej Dru\u017cyny Po\u017carniczej OSP \u0141UK\u00d3WIEC w JRG OTWOCK<\/a><time datetime=\"2018-10-22T21:47:00+02:00\" class=\"wp-block-latest-posts__post-date\">22 pa\u017adziernika 2018<\/time><\/li>\n<\/ul><\/div><\/div>\n<\/div>\n<\/div>\n","protected":false},"excerpt":{"rendered":"","protected":false},"author":4,"featured_media":0,"parent":0,"menu_order":0,"comment_status":"closed","ping_status":"closed","template":"","meta":{"_mi_skip_tracking":false},"_links":{"self":[{"href":"http:\/\/osplukowiec.pl\/index.php\/wp-json\/wp\/v2\/pages\/733"}],"collection":[{"href":"http:\/\/osplukowiec.pl\/index.php\/wp-json\/wp\/v2\/pages"}],"about":[{"href":"http:\/\/osplukowiec.pl\/index.php\/wp-json\/wp\/v2\/types\/page"}],"author":[{"embeddable":true,"href":"http:\/\/osplukowiec.pl\/index.php\/wp-json\/wp\/v2\/users\/4"}],"replies":[{"embeddable":true,"href":"http:\/\/osplukowiec.pl\/index.php\/wp-json\/wp\/v2\/comments?post=733"}],"version-history":[{"count":8,"href":"http:\/\/osplukowiec.pl\/index.php\/wp-json\/wp\/v2\/pages\/733\/revisions"}],"predecessor-version":[{"id":7796,"href":"http:\/\/osplukowiec.pl\/index.php\/wp-json\/wp\/v2\/pages\/733\/revisions\/7796"}],"wp:attachment":[{"href":"http:\/\/osplukowiec.pl\/index.php\/wp-json\/wp\/v2\/media?parent=733"}],"curies":[{"name":"wp","href":"https:\/\/api.w.org\/{rel}","templated":true}]}}