{"id":7835,"date":"2025-07-04T14:37:42","date_gmt":"2025-07-04T12:37:42","guid":{"rendered":"http:\/\/osplukowiec.pl\/?page_id=7835"},"modified":"2025-07-09T22:13:45","modified_gmt":"2025-07-09T20:13:45","slug":"mdp-2025","status":"publish","type":"page","link":"http:\/\/osplukowiec.pl\/index.php\/mdp-2025\/","title":{"rendered":"MDP 2025"},"content":{"rendered":"\n<div class=\"is-layout-constrained wp-block-group\"><div class=\"wp-block-group__inner-container\">\n<div style=\"height:100px\" aria-hidden=\"true\" class=\"wp-block-spacer\"><\/div>\n\n\n\n<div class=\"is-layout-constrained wp-block-group\"><div class=\"wp-block-group__inner-container\"><ul class=\"wp-block-latest-posts__list is-grid columns-2 alignleft wp-block-latest-posts\"><li><div class=\"wp-block-latest-posts__featured-image alignleft\"><img width=\"150\" height=\"150\" src=\"http:\/\/osplukowiec.pl\/wp-content\/uploads\/2025\/06\/Mlodziezowe-Zawody-4-1-1-150x150.jpg\" class=\"attachment-thumbnail size-thumbnail wp-post-image\" alt=\"\" decoding=\"async\" loading=\"lazy\" style=\"\" \/><\/div><a class=\"wp-block-latest-posts__post-title\" href=\"http:\/\/osplukowiec.pl\/index.php\/2025\/06\/30\/zaproszenie-na-mlodziezowe-zawody-sportowo-pozarnicze-powiatu-otwockiego\/\">Zaproszenie na M\u0142odzie\u017cowe Zawody Sportowo-Po\u017carnicze Powiatu Otwockiego<\/a><div class=\"wp-block-latest-posts__post-excerpt\">Ju\u017c nied\u0142ugo nasza M\u0142odzie\u017cowa Dru\u017cyna Po\u017carnicza stanie do rywalizacji w zawodach sportowo\u2013po\u017carniczych powiatu otwockiego! Nasza MDP b\u0119dzie dumnie reprezentowa\u0107 Gmin\u0119 Karczew, dlatego serdecznie zapraszamy wszystkich mieszka\u0144c\u00f3w do kibicowania i wspierania naszej ekipy! \ud83d\ude4c\ud83d\udc4f<\/div><\/li>\n<li><div class=\"wp-block-latest-posts__featured-image alignleft\"><img width=\"150\" height=\"150\" src=\"http:\/\/osplukowiec.pl\/wp-content\/uploads\/2025\/07\/MDP-_-BozeCialo3-150x150.jpg\" class=\"attachment-thumbnail size-thumbnail wp-post-image\" alt=\"\" decoding=\"async\" loading=\"lazy\" style=\"\" \/><\/div><a class=\"wp-block-latest-posts__post-title\" href=\"http:\/\/osplukowiec.pl\/index.php\/2025\/07\/04\/boze-cialo-2025\/\">Bo\u017ce Cia\u0142o 2025<\/a><div class=\"wp-block-latest-posts__post-excerpt\">W dniu 19 czerwca 2025r. M\u0142odzie\u017cowa Dru\u017cyna Po\u017carnicza z naszej jednostki wsp\u00f3lnie ze starszymi druhami z OSP \u0141uk\u00f3wiec oraz OSP Dziecin\u00f3w wzi\u0119li udzia\u0142 w procesji podczas Bo\u017cego Cia\u0142a.<\/div><\/li>\n<li><div class=\"wp-block-latest-posts__featured-image alignleft\"><img width=\"150\" height=\"150\" src=\"http:\/\/osplukowiec.pl\/wp-content\/uploads\/2025\/07\/DD-150x150.jpg\" class=\"attachment-thumbnail size-thumbnail wp-post-image\" alt=\"\" decoding=\"async\" loading=\"lazy\" style=\"\" \/><\/div><a class=\"wp-block-latest-posts__post-title\" href=\"http:\/\/osplukowiec.pl\/index.php\/2025\/07\/04\/dzien-dziecka-z-superbohaterami\/\">Dzie\u0144 dziecka z superbohaterami!<\/a><div class=\"wp-block-latest-posts__post-excerpt\">OSP i MDP \u0141uk\u00f3wiec wcielili si\u0119 w Biedronk\u0119 \ud83d\udc1e i Czarnego Kota \ud83d\udc08\u200d\u2b1b podczas Grach Miejskiej i Pikniku nad Moczyd\u0142em. Gra Miejska (10:00\u201315:00)Rodziny poznawa\u0142y sprz\u0119t stra\u017cacki, rozwi\u0105zywa\u0142y testy i uczy\u0142y si\u0119 pierwszej pomocy.\ud83d\udc49 Superbohaterowie: druhowie<a class=\"read-more\" href=\"http:\/\/osplukowiec.pl\/index.php\/2025\/07\/04\/dzien-dziecka-z-superbohaterami\/\">Czytaj dalej<\/a><\/div><\/li>\n<li><div class=\"wp-block-latest-posts__featured-image alignleft\"><img width=\"150\" height=\"150\" src=\"http:\/\/osplukowiec.pl\/wp-content\/uploads\/2025\/07\/zbiorka3-150x150.jpg\" class=\"attachment-thumbnail size-thumbnail wp-post-image\" alt=\"\" decoding=\"async\" loading=\"lazy\" style=\"\" \/><\/div><a class=\"wp-block-latest-posts__post-title\" href=\"http:\/\/osplukowiec.pl\/index.php\/2025\/07\/04\/cwiczenia-mdp-nad-rzeka\/\">\u0106wiczenia MDP nad rzek\u0105<\/a><div class=\"wp-block-latest-posts__post-excerpt\">Tak szkol\u0105 si\u0119 przyszli stra\u017cacy! \u0106wiczenia odby\u0142y si\u0119 na &#8222;Zastawce&#8221; nad rzek\u0105 Jagodziank\u0105 oraz na \u0142\u0105kach za \u0141uk\u00f3wcem.<\/div><\/li>\n<\/ul><\/div><\/div>\n<\/div><\/div>\n\n\n\n<div class=\"is-layout-flex wp-container-4 wp-block-columns\">\n<div class=\"is-layout-flow wp-block-column\" style=\"flex-basis:100%\">\n<p><\/p>\n<\/div>\n<\/div>\n","protected":false},"excerpt":{"rendered":"","protected":false},"author":6,"featured_media":0,"parent":0,"menu_order":0,"comment_status":"closed","ping_status":"closed","template":"","meta":{"_mi_skip_tracking":false},"_links":{"self":[{"href":"http:\/\/osplukowiec.pl\/index.php\/wp-json\/wp\/v2\/pages\/7835"}],"collection":[{"href":"http:\/\/osplukowiec.pl\/index.php\/wp-json\/wp\/v2\/pages"}],"about":[{"href":"http:\/\/osplukowiec.pl\/index.php\/wp-json\/wp\/v2\/types\/page"}],"author":[{"embeddable":true,"href":"http:\/\/osplukowiec.pl\/index.php\/wp-json\/wp\/v2\/users\/6"}],"replies":[{"embeddable":true,"href":"http:\/\/osplukowiec.pl\/index.php\/wp-json\/wp\/v2\/comments?post=7835"}],"version-history":[{"count":26,"href":"http:\/\/osplukowiec.pl\/index.php\/wp-json\/wp\/v2\/pages\/7835\/revisions"}],"predecessor-version":[{"id":7906,"href":"http:\/\/osplukowiec.pl\/index.php\/wp-json\/wp\/v2\/pages\/7835\/revisions\/7906"}],"wp:attachment":[{"href":"http:\/\/osplukowiec.pl\/index.php\/wp-json\/wp\/v2\/media?parent=7835"}],"curies":[{"name":"wp","href":"https:\/\/api.w.org\/{rel}","templated":true}]}}