{"id":8074,"date":"2025-07-28T09:46:04","date_gmt":"2025-07-28T07:46:04","guid":{"rendered":"http:\/\/osplukowiec.pl\/?page_id=8074"},"modified":"2025-09-23T10:27:42","modified_gmt":"2025-09-23T08:27:42","slug":"kursy-samoobrony","status":"publish","type":"page","link":"http:\/\/osplukowiec.pl\/index.php\/kursy-samoobrony\/","title":{"rendered":"Kursy samoobrony DEFENDO"},"content":{"rendered":"<p data-start=\"477\" data-end=\"800\"><span style=\"font-size: 14pt; font-family: arial, helvetica, sans-serif; color: #808080;\">DEFENDO to nowoczesny system samoobrony oparty na prostych, skutecznych technikach oraz wiedzy z zakresu psychologii stresu i podejmowania decyzji w sytuacjach zagro\u017cenia. Metoda ta cieszy si\u0119 uznaniem w wielu krajach Europy (m.in. Finlandii, Szwecji, Czechach), a tak\u017ce jest wykorzystywana przez s\u0142u\u017cby mundurowe w Polsce.<\/span><\/p>\n<p data-start=\"802\" data-end=\"962\"><span style=\"font-size: 14pt; font-family: arial, helvetica, sans-serif; color: #808080;\">Zaj\u0119cia poprowadz\u0105 do\u015bwiadczeni instruktorzy z wieloletni\u0105 praktyk\u0105, w tym <strong data-start=\"877\" data-end=\"892\">Istvan Nagy<\/strong> \u2013 mi\u0119dzynarodowy dyrektor Saario Academy i ceniony trener samoobrony.<\/span><\/p>\n<hr data-start=\"964\" data-end=\"967\" \/>\n<h2 data-start=\"969\" data-end=\"1002\"><\/h2>\n<h2 data-start=\"969\" data-end=\"1002\"><span style=\"font-size: 18pt; color: #808080; font-family: arial, helvetica, sans-serif;\"><strong data-start=\"973\" data-end=\"1002\">Terminy i miejsce szkole\u0144<\/strong><\/span><\/h2>\n<p data-start=\"1004\" data-end=\"1068\"><span style=\"font-size: 14pt; font-family: arial, helvetica, sans-serif; color: #808080;\">Hala sportowa w Karczewie<\/span><br data-start=\"1036\" data-end=\"1039\" \/><span style=\"font-size: 14pt; font-family: arial, helvetica, sans-serif; color: #808080;\">ul. Bohater\u00f3w Westerplatte 55<\/span><\/p>\n<h4 data-start=\"1070\" data-end=\"1090\"><span style=\"font-family: arial, helvetica, sans-serif; color: #808080;\"><strong><span style=\"font-size: 14pt;\">I TERMIN:<\/span><\/strong><\/span><\/h4>\n<p data-start=\"1091\" data-end=\"1184\"><span style=\"font-size: 14pt; font-family: arial, helvetica, sans-serif; color: #808080;\">23\u201324 sierpnia 2025 (sobota i niedziela)<\/span><br data-start=\"1134\" data-end=\"1137\" \/><span style=\"font-size: 14pt; font-family: arial, helvetica, sans-serif; color: #808080;\">Start: godz. 10:00 (czas trwania: 4\u20135 godzin)<\/span><\/p>\n<h4 data-start=\"1186\" data-end=\"1207\"><span style=\"font-size: 14pt; font-family: arial, helvetica, sans-serif; color: #808080;\"><strong data-start=\"1191\" data-end=\"1205\">II TERMIN:<\/strong><\/span><\/h4>\n<p data-start=\"1208\" data-end=\"1301\"><span style=\"font-size: 14pt; font-family: arial, helvetica, sans-serif; color: #808080;\">30\u201331 sierpnia 2025 (sobota i niedziela)<\/span><br data-start=\"1251\" data-end=\"1254\" \/><span style=\"font-size: 14pt; font-family: arial, helvetica, sans-serif; color: #808080;\">Start: godz. 10:00 (czas trwania: 4\u20135 godzin)<\/span><\/p>\n<hr data-start=\"1303\" data-end=\"1306\" \/>\n<h2 data-start=\"1531\" data-end=\"1557\"><span style=\"font-size: 18pt; color: #808080; font-family: arial, helvetica, sans-serif;\"><strong data-start=\"1535\" data-end=\"1557\">Co ze sob\u0105 zabra\u0107?<\/strong><\/span><\/h2>\n<ul data-start=\"1559\" data-end=\"1633\">\n<li data-start=\"1559\" data-end=\"1585\">\n<p data-start=\"1561\" data-end=\"1585\"><span style=\"font-size: 14pt; font-family: arial, helvetica, sans-serif; color: #808080;\">Wygodny str\u00f3j sportowy<\/span><\/p>\n<\/li>\n<li data-start=\"1586\" data-end=\"1606\">\n<p data-start=\"1588\" data-end=\"1606\"><span style=\"font-size: 14pt; font-family: arial, helvetica, sans-serif; color: #808080;\">Obuwie na zmian\u0119<\/span><\/p>\n<\/li>\n<li data-start=\"1607\" data-end=\"1623\">\n<p data-start=\"1609\" data-end=\"1623\"><span style=\"font-size: 14pt; font-family: arial, helvetica, sans-serif; color: #808080;\">Butelk\u0119 wody<\/span><\/p>\n<\/li>\n<li data-start=\"1624\" data-end=\"1633\">\n<p data-start=\"1626\" data-end=\"1633\"><span style=\"font-size: 14pt; font-family: arial, helvetica, sans-serif; color: #808080;\">R\u0119cznik<\/span><\/p>\n<\/li>\n<\/ul>\n<p data-start=\"1635\" data-end=\"1707\"><span style=\"font-size: 14pt; font-family: arial, helvetica, sans-serif; color: #808080;\">Reszt\u0105 zajmiemy si\u0119 my \u2013 zadbamy o Twoje bezpiecze\u0144stwo i komfort nauki.<\/span><\/p>\n<hr data-start=\"1709\" data-end=\"1712\" \/>\n<h2 data-start=\"1714\" data-end=\"1754\"><span style=\"font-size: 18pt; color: #808080; font-family: arial, helvetica, sans-serif;\"><strong data-start=\"1718\" data-end=\"1752\">Informacje organizacyjne<\/strong><\/span><\/h2>\n<p><span style=\"font-size: 14pt; font-family: arial, helvetica, sans-serif; color: #808080;\">Liczba miejsc jest ograniczona \u2013 maksymalnie 30 os\u00f3b na ka\u017cdy termin.<\/span><\/p>\n<p data-start=\"1755\" data-end=\"1820\"><span style=\"color: #808080; font-size: 14pt; font-family: arial, helvetica, sans-serif;\">Zg\u0142oszenia przyjmujemy pod numerem telefonu: 506 346 943<\/span><\/p>\n<p data-start=\"1755\" data-end=\"1820\"><span style=\"font-size: 14pt; font-family: arial, helvetica, sans-serif; color: #808080;\">Zapisy ruszaj\u0105 w sobot\u0119, 26 lipca 2025 r. o godz. 11:00<\/span><\/p>\n<p data-start=\"1755\" data-end=\"1820\"><span style=\"font-size: 14pt; color: #808080; font-family: arial, helvetica, sans-serif;\"><strong>Uwaga!\u00a0<\/strong>Istnieje mo\u017cliwo\u015b\u0107 zapewnienia asystenta dla osoby z niepe\u0142nosprawno\u015bci\u0105 \u2013 prosimy o zg\u0142oszenia na adres:\u00a0<a class=\"decorated-link cursor-pointer\" style=\"color: #808080;\" rel=\"noopener\" data-start=\"1234\" data-end=\"1259\">kobietymazowsza2025@wp.pl<\/a><\/span><\/p>\n<hr data-start=\"1822\" data-end=\"1825\" \/>\n<p data-start=\"1827\" data-end=\"1953\"><span style=\"font-size: 14pt; font-family: arial, helvetica, sans-serif; color: #808080;\">Zadanie publiczne finansowane jest ze \u015brodk\u00f3w Samorz\u0105du Wojew\u00f3dztwa Mazowieckiego w ramach Bud\u017cetu Obywatelskiego Mazowsza.<\/span><\/p>\n<p data-start=\"1955\" data-end=\"2034\"><span style=\"font-size: 14pt; font-family: arial, helvetica, sans-serif; color: #808080;\">Udzia\u0142 w kursie oznacza zgod\u0119 na publikacj\u0119 wizerunku w celach promocyjnych.<\/span><\/p>\n<p data-start=\"2036\" data-end=\"2101\"><span style=\"font-size: 14pt; font-family: arial, helvetica, sans-serif; color: #808080;\">\u0179r\u00f3d\u0142o inicjatywy: <a style=\"color: #808080;\" href=\"https:\/\/www.facebook.com\/profile.php?id=61578365007324\"><strong data-start=\"2055\" data-end=\"2101\">Kobiety Mazowsza bior\u0105 sprawy w swoje r\u0119ce<\/strong><\/a><\/span><\/p>\n<p data-start=\"2036\" data-end=\"2101\">\n","protected":false},"excerpt":{"rendered":"<p>DEFENDO to nowoczesny system samoobrony oparty na prostych, skutecznych technikach oraz wiedzy z zakresu psychologii stresu i podejmowania decyzji w sytuacjach zagro\u017cenia. Metoda ta cieszy si\u0119 uznaniem w wielu krajach Europy (m.in. Finlandii, Szwecji, Czechach),<a class=\"read-more\" href=\"http:\/\/osplukowiec.pl\/index.php\/kursy-samoobrony\/\">Czytaj dalej<\/a><\/p>\n","protected":false},"author":6,"featured_media":8107,"parent":0,"menu_order":0,"comment_status":"closed","ping_status":"closed","template":"","meta":{"_mi_skip_tracking":false},"_links":{"self":[{"href":"http:\/\/osplukowiec.pl\/index.php\/wp-json\/wp\/v2\/pages\/8074"}],"collection":[{"href":"http:\/\/osplukowiec.pl\/index.php\/wp-json\/wp\/v2\/pages"}],"about":[{"href":"http:\/\/osplukowiec.pl\/index.php\/wp-json\/wp\/v2\/types\/page"}],"author":[{"embeddable":true,"href":"http:\/\/osplukowiec.pl\/index.php\/wp-json\/wp\/v2\/users\/6"}],"replies":[{"embeddable":true,"href":"http:\/\/osplukowiec.pl\/index.php\/wp-json\/wp\/v2\/comments?post=8074"}],"version-history":[{"count":17,"href":"http:\/\/osplukowiec.pl\/index.php\/wp-json\/wp\/v2\/pages\/8074\/revisions"}],"predecessor-version":[{"id":8202,"href":"http:\/\/osplukowiec.pl\/index.php\/wp-json\/wp\/v2\/pages\/8074\/revisions\/8202"}],"wp:featuredmedia":[{"embeddable":true,"href":"http:\/\/osplukowiec.pl\/index.php\/wp-json\/wp\/v2\/media\/8107"}],"wp:attachment":[{"href":"http:\/\/osplukowiec.pl\/index.php\/wp-json\/wp\/v2\/media?parent=8074"}],"curies":[{"name":"wp","href":"https:\/\/api.w.org\/{rel}","templated":true}]}}