{"id":84,"date":"2018-10-29T20:35:11","date_gmt":"2018-10-29T19:35:11","guid":{"rendered":"http:\/\/osplukowiec.pl\/?page_id=84"},"modified":"2025-07-04T14:39:26","modified_gmt":"2025-07-04T12:39:26","slug":"zbiorki-druzyny","status":"publish","type":"page","link":"http:\/\/osplukowiec.pl\/index.php\/zbiorki-druzyny\/","title":{"rendered":"Zbi\u00f3rki dru\u017cyny"},"content":{"rendered":"<div id=\"lipsum\">\n<p><a href=\"http:\/\/osplukowiec.pl\/index.php\/mdp-2025\/\">Zbi\u00f3rki MDP w 2025 roku<\/a><\/p>\n<p><a href=\"http:\/\/osplukowiec.pl\/index.php\/mdp-2024\/\">Zbi\u00f3rki MDP w 2024 roku<\/a><\/p>\n<p><a href=\"http:\/\/osplukowiec.pl\/index.php\/mdp-2023\/\">Zbi\u00f3rki MDP w 2023 roku<\/a><\/p>\n<p><a href=\"http:\/\/osplukowiec.pl\/index.php\/mdp-2022\/\">Zbi\u00f3rki MDP w 2022 roku<\/a><\/p>\n<p><a href=\"http:\/\/osplukowiec.pl\/index.php\/mdp-2021\/\">Zbi\u00f3rki MDP w 2021 roku<\/a><\/p>\n<p><a href=\"http:\/\/osplukowiec.pl\/index.php\/mdp-2020r\/\">Zbi\u00f3rki MDP w 2020 roku<\/a><\/p>\n<p><a href=\"http:\/\/osplukowiec.pl\/index.php\/mdp-2019\/\">Zbi\u00f3rki MDP w 2019 roku<\/a><\/p>\n<p><a href=\"http:\/\/osplukowiec.pl\/index.php\/mdp-2018\/\">Zbi\u00f3rki MDP w 2018 roku<\/a><\/p>\n<\/div>\n<p>Wi\u0119cej informacji pod numerem telefonu: 514-140-843 jak i r\u00f3wnie\u017c przez adres e-mail osplukowiec@o2.pl<\/p>\n<p><strong>Zbiorki odbywaj\u0105 si\u0119 w Soboty co dwa tygodnie \ud83d\ude42<\/strong><\/p>\n<div id=\"lipsum\"><\/div>\n<div id=\"lipsum\"><\/div>\n","protected":false},"excerpt":{"rendered":"<p>Zbi\u00f3rki MDP w 2025 roku Zbi\u00f3rki MDP w 2024 roku Zbi\u00f3rki MDP w 2023 roku Zbi\u00f3rki MDP w 2022 roku Zbi\u00f3rki MDP w 2021 roku Zbi\u00f3rki MDP w 2020 roku Zbi\u00f3rki MDP w 2019 roku<a class=\"read-more\" href=\"http:\/\/osplukowiec.pl\/index.php\/zbiorki-druzyny\/\">Czytaj dalej<\/a><\/p>\n","protected":false},"author":2,"featured_media":0,"parent":0,"menu_order":0,"comment_status":"closed","ping_status":"closed","template":"","meta":{"_mi_skip_tracking":false},"_links":{"self":[{"href":"http:\/\/osplukowiec.pl\/index.php\/wp-json\/wp\/v2\/pages\/84"}],"collection":[{"href":"http:\/\/osplukowiec.pl\/index.php\/wp-json\/wp\/v2\/pages"}],"about":[{"href":"http:\/\/osplukowiec.pl\/index.php\/wp-json\/wp\/v2\/types\/page"}],"author":[{"embeddable":true,"href":"http:\/\/osplukowiec.pl\/index.php\/wp-json\/wp\/v2\/users\/2"}],"replies":[{"embeddable":true,"href":"http:\/\/osplukowiec.pl\/index.php\/wp-json\/wp\/v2\/comments?post=84"}],"version-history":[{"count":17,"href":"http:\/\/osplukowiec.pl\/index.php\/wp-json\/wp\/v2\/pages\/84\/revisions"}],"predecessor-version":[{"id":7840,"href":"http:\/\/osplukowiec.pl\/index.php\/wp-json\/wp\/v2\/pages\/84\/revisions\/7840"}],"wp:attachment":[{"href":"http:\/\/osplukowiec.pl\/index.php\/wp-json\/wp\/v2\/media?parent=84"}],"curies":[{"name":"wp","href":"https:\/\/api.w.org\/{rel}","templated":true}]}}