{"id":9,"date":"2018-10-22T21:49:14","date_gmt":"2018-10-22T19:49:14","guid":{"rendered":"http:\/\/osplukowiec.pl\/?page_id=9"},"modified":"2023-04-30T20:49:40","modified_gmt":"2023-04-30T18:49:40","slug":"o-nas","status":"publish","type":"page","link":"http:\/\/osplukowiec.pl\/index.php\/o-nas\/","title":{"rendered":"O nas"},"content":{"rendered":"<p><big>&nbsp;<\/p>\n<p style=\"text-align: center;\">Misja: <strong>\u201eRealizujemy stra\u017cack\u0105 pasj\u0119 i s\u0142u\u017cymy mieszka\u0144com\u201d<\/strong><\/p>\n<p>&nbsp;<\/p>\n<p>Ochotnicza Stra\u017c Po\u017carna w \u0141uk\u00f3wcu zosta\u0142a za\u0142o\u017cona w 1929 roku, a w 2007 r. Stowarzyszenie OSP \u0141uk\u00f3wiec zosta\u0142o zarejestrowane w Krajowym Rejestrze S\u0105dowym (nr 0000285961).<\/p>\n<p>G\u0142\u00f3wnym celem naszego Stowarzyszenia jest prowadzenie dzia\u0142alno\u015bci maj\u0105cej na celu zapobieganie po\u017carom oraz udzia\u0142 w akcjach po\u017carniczych, ale r\u00f3wnie\u017c: organizowanie zespo\u0142\u00f3w \u015bwietlicowych, bibliotek, orkiestr, teatr\u00f3w amatorskich, ch\u00f3r\u00f3w, sekcji sportowych i innych form pracy spo\u0142eczno-wychowawczej i kulturalno-o\u015bwiatowej, organizowanie spotka\u0144, koncert\u00f3w, wystaw, konkurs\u00f3w, zabaw, festyn\u00f3w i innych przedsi\u0119wzi\u0119\u0107 s\u0142u\u017c\u0105cych rozwojowi spo\u0142eczno\u015bci lokalnej i przeciwdzia\u0142aniu patologiom spo\u0142ecznym, prowadzenie dzia\u0142alno\u015bci wydawniczej, informacyjnej, promocyjnej i opiniodawczej.<\/p>\n<p>Nasze dzia\u0142ania kierujemy zar\u00f3wno do dzieci i m\u0142odzie\u017cy (umo\u017cliwiaj\u0105c im dzia\u0142alno\u015b\u0107 w naszych formacjach), ale r\u00f3wnie\u017c do os\u00f3b doros\u0142ych (organizuj\u0105c r\u00f3\u017cnego rodzaju wydarzenia kulturalne, kulinarne, sportowe itp.). Dzia\u0142alno\u015b\u0107 naszego Stowarzyszenia ma charakter ponad lokalny.<br \/>\nW ramach naszego Stowarzyszenia dzia\u0142aj\u0105 wyodr\u0119bnione organizacyjnie sekcje:<\/p>\n<p>1. M\u0142odzie\u017cowa Dru\u017cyna Po\u017carnicza<br \/>\n2. Zesp\u00f3\u0142 Folklorystyczny Piskorze i Ma\u0142e Piskorze<br \/>\n3. M\u0142odzie\u017cowy Amatorski Teatr IKRA<br \/>\n4. Ko\u0142o Gospody\u0144 Wiejskich<br \/>\n5. Sekcja szachowa<\/p>\n<p>&nbsp;<\/big><\/p>\n","protected":false},"excerpt":{"rendered":"<p>&nbsp; Misja: \u201eRealizujemy stra\u017cack\u0105 pasj\u0119 i s\u0142u\u017cymy mieszka\u0144com\u201d &nbsp; Ochotnicza Stra\u017c Po\u017carna w \u0141uk\u00f3wcu zosta\u0142a za\u0142o\u017cona w 1929 roku, a w 2007 r. Stowarzyszenie OSP \u0141uk\u00f3wiec zosta\u0142o zarejestrowane w Krajowym Rejestrze S\u0105dowym (nr 0000285961). G\u0142\u00f3wnym<a class=\"read-more\" href=\"http:\/\/osplukowiec.pl\/index.php\/o-nas\/\">Czytaj dalej<\/a><\/p>\n","protected":false},"author":1,"featured_media":0,"parent":0,"menu_order":0,"comment_status":"closed","ping_status":"closed","template":"","meta":{"_mi_skip_tracking":false},"_links":{"self":[{"href":"http:\/\/osplukowiec.pl\/index.php\/wp-json\/wp\/v2\/pages\/9"}],"collection":[{"href":"http:\/\/osplukowiec.pl\/index.php\/wp-json\/wp\/v2\/pages"}],"about":[{"href":"http:\/\/osplukowiec.pl\/index.php\/wp-json\/wp\/v2\/types\/page"}],"author":[{"embeddable":true,"href":"http:\/\/osplukowiec.pl\/index.php\/wp-json\/wp\/v2\/users\/1"}],"replies":[{"embeddable":true,"href":"http:\/\/osplukowiec.pl\/index.php\/wp-json\/wp\/v2\/comments?post=9"}],"version-history":[{"count":6,"href":"http:\/\/osplukowiec.pl\/index.php\/wp-json\/wp\/v2\/pages\/9\/revisions"}],"predecessor-version":[{"id":7122,"href":"http:\/\/osplukowiec.pl\/index.php\/wp-json\/wp\/v2\/pages\/9\/revisions\/7122"}],"wp:attachment":[{"href":"http:\/\/osplukowiec.pl\/index.php\/wp-json\/wp\/v2\/media?parent=9"}],"curies":[{"name":"wp","href":"https:\/\/api.w.org\/{rel}","templated":true}]}}