{"id":92,"date":"2018-10-29T20:37:33","date_gmt":"2018-10-29T19:37:33","guid":{"rendered":"http:\/\/osplukowiec.pl\/?page_id=92"},"modified":"2019-05-06T06:50:35","modified_gmt":"2019-05-06T04:50:35","slug":"soltys-i-rada-solecka","status":"publish","type":"page","link":"http:\/\/osplukowiec.pl\/index.php\/soltys-i-rada-solecka\/","title":{"rendered":"So\u0142tys i Rada so\u0142ecka"},"content":{"rendered":"<p>Ryszard Lesiak \u2013 So\u0142tys Wsi tel. 781\u00a0995\u00a0868<\/p>\n<p>Dorota Kurek \u2013 cz\u0142onek Rady So\u0142eckiej<\/p>\n<p>Hanna Wawer &#8211;\u00a0 cz\u0142onek Rady So\u0142eckiej<\/p>\n<p>Tomasz Szostak &#8211; cz\u0142onek Rady So\u0142eckiej<\/p>\n<p>Marek Kociszewski- cz\u0142onek Rady So\u0142eckiej<\/p>\n<p>Jacek Sadowski-cz\u0142onek Rady So\u0142eckiej<\/p>\n<p>&nbsp;<\/p>\n<p>&nbsp;<\/p>\n<p>&nbsp;<\/p>\n","protected":false},"excerpt":{"rendered":"<p>Ryszard Lesiak \u2013 So\u0142tys Wsi tel. 781\u00a0995\u00a0868 Dorota Kurek \u2013 cz\u0142onek Rady So\u0142eckiej Hanna Wawer &#8211;\u00a0 cz\u0142onek Rady So\u0142eckiej Tomasz Szostak &#8211; cz\u0142onek Rady So\u0142eckiej Marek Kociszewski- cz\u0142onek Rady So\u0142eckiej Jacek Sadowski-cz\u0142onek Rady So\u0142eckiej &nbsp;<a class=\"read-more\" href=\"http:\/\/osplukowiec.pl\/index.php\/soltys-i-rada-solecka\/\">Czytaj dalej<\/a><\/p>\n","protected":false},"author":2,"featured_media":1761,"parent":0,"menu_order":0,"comment_status":"closed","ping_status":"closed","template":"","meta":{"_mi_skip_tracking":false},"_links":{"self":[{"href":"http:\/\/osplukowiec.pl\/index.php\/wp-json\/wp\/v2\/pages\/92"}],"collection":[{"href":"http:\/\/osplukowiec.pl\/index.php\/wp-json\/wp\/v2\/pages"}],"about":[{"href":"http:\/\/osplukowiec.pl\/index.php\/wp-json\/wp\/v2\/types\/page"}],"author":[{"embeddable":true,"href":"http:\/\/osplukowiec.pl\/index.php\/wp-json\/wp\/v2\/users\/2"}],"replies":[{"embeddable":true,"href":"http:\/\/osplukowiec.pl\/index.php\/wp-json\/wp\/v2\/comments?post=92"}],"version-history":[{"count":4,"href":"http:\/\/osplukowiec.pl\/index.php\/wp-json\/wp\/v2\/pages\/92\/revisions"}],"predecessor-version":[{"id":1810,"href":"http:\/\/osplukowiec.pl\/index.php\/wp-json\/wp\/v2\/pages\/92\/revisions\/1810"}],"wp:featuredmedia":[{"embeddable":true,"href":"http:\/\/osplukowiec.pl\/index.php\/wp-json\/wp\/v2\/media\/1761"}],"wp:attachment":[{"href":"http:\/\/osplukowiec.pl\/index.php\/wp-json\/wp\/v2\/media?parent=92"}],"curies":[{"name":"wp","href":"https:\/\/api.w.org\/{rel}","templated":true}]}}